{"id":95,"date":"2024-12-06T20:31:36","date_gmt":"2024-12-07T01:31:36","guid":{"rendered":"https:\/\/fenix-ic.com\/sitio\/?page_id=95"},"modified":"2024-12-19T02:27:13","modified_gmt":"2024-12-19T07:27:13","slug":"procesos-y-servicios-logisticos","status":"publish","type":"page","link":"https:\/\/fenix-ic.com\/sitio\/servicios\/procesos-y-servicios-logisticos\/","title":{"rendered":"Procesos y Servicios Log\u00edsticos"},"content":{"rendered":"<p>[et_pb_section fb_built=&#8221;1&#8243; custom_padding_last_edited=&#8221;on|phone&#8221; admin_label=&#8221;Header&#8221; _builder_version=&#8221;4.27.4&#8243; _module_preset=&#8221;e6167cdd-6a8b-4149-8d1b-a9cdaf680766&#8243; background_enable_color=&#8221;off&#8221; use_background_color_gradient=&#8221;off&#8221; background_image=&#8221;https:\/\/fenix-ic.com\/sitio\/wp-content\/uploads\/2024\/12\/truck-2138974_1280-1.jpg&#8221; custom_padding=&#8221;10vw||0px||false|false&#8221; custom_padding_tablet=&#8221;20vw||0px||false|false&#8221; custom_padding_phone=&#8221;20vw||0px||false|false&#8221; locked=&#8221;off&#8221; global_colors_info=&#8221;{}&#8221;][et_pb_row _builder_version=&#8221;4.27.4&#8243; _module_preset=&#8221;1c160e49-9feb-43c1-ba21-6ac9646828e7&#8243; width=&#8221;100%&#8221; module_alignment=&#8221;center&#8221; custom_margin=&#8221;||||false|false&#8221; custom_padding=&#8221;||||false|false&#8221; global_colors_info=&#8221;{}&#8221;][et_pb_column type=&#8221;4_4&#8243; _builder_version=&#8221;4.27.4&#8243; _module_preset=&#8221;default&#8221; global_colors_info=&#8221;{}&#8221;][et_pb_heading title=&#8221;Procesos y Servicios Log\u00edsticos&#8221; _builder_version=&#8221;4.27.4&#8243; _module_preset=&#8221;aa94b23e-d490-4e92-8a4d-b71564182428&#8243; title_text_align=&#8221;right&#8221; title_text_color=&#8221;#ffb523&#8243; title_font_size=&#8221;90px&#8221; max_width=&#8221;80%&#8221; module_alignment=&#8221;center&#8221; text_shadow_style=&#8221;preset1&#8243; text_shadow_color=&#8221;#281500&#8243; global_colors_info=&#8221;{}&#8221;][\/et_pb_heading][\/et_pb_column][\/et_pb_row][et_pb_row column_structure=&#8221;1_3,1_3,1_3&#8243; use_custom_gutter=&#8221;on&#8221; gutter_width=&#8221;1&#8243; _builder_version=&#8221;4.27.4&#8243; _module_preset=&#8221;c09607fc-ca04-4575-bc00-41f35f432f41&#8243; background_color=&#8221;#008e36&#8243; background_enable_color=&#8221;on&#8221; max_width=&#8221;80%&#8221; custom_padding=&#8221;0px||0px||true|false&#8221; hover_enabled=&#8221;0&#8243; global_colors_info=&#8221;{}&#8221; sticky_enabled=&#8221;0&#8243; locked=&#8221;off&#8221;][et_pb_column type=&#8221;1_3&#8243; _builder_version=&#8221;4.27.4&#8243; _module_preset=&#8221;13c77840-780b-4139-bf86-5e168b05a10e&#8221; background_enable_color=&#8221;off&#8221; link_option_url=&#8221;https:\/\/fenix-ic.com\/sitio\/servicios\/transporte-terrestre\/&#8221; global_colors_info=&#8221;{}&#8221;][et_pb_icon font_icon=&#8221;&#xf5b6;||fa||900&#8243; icon_color=&#8221;#FFFFFF&#8221; icon_width=&#8221;32px&#8221; _builder_version=&#8221;4.27.4&#8243; _module_preset=&#8221;default&#8221; custom_margin=&#8221;||20px||false|false&#8221; global_colors_info=&#8221;{}&#8221;][\/et_pb_icon][et_pb_heading title=&#8221;Transporte Terrestre de Carga&#8221; _builder_version=&#8221;4.27.4&#8243; _module_preset=&#8221;8472e909-81ab-43d2-ba31-1211157d3404&#8243; title_text_align=&#8221;center&#8221; title_text_color=&#8221;#FFFFFF&#8221; hover_enabled=&#8221;0&#8243; global_colors_info=&#8221;{}&#8221; sticky_enabled=&#8221;0&#8243;][\/et_pb_heading][\/et_pb_column][et_pb_column type=&#8221;1_3&#8243; _builder_version=&#8221;4.27.4&#8243; _module_preset=&#8221;13c77840-780b-4139-bf86-5e168b05a10e&#8221; background_enable_color=&#8221;off&#8221; link_option_url=&#8221;https:\/\/fenix-ic.com\/sitio\/servicios\/procesos-y-servicios-logisticos\/&#8221; global_colors_info=&#8221;{}&#8221;][et_pb_icon font_icon=&#8221;&#xf085;||fa||900&#8243; icon_color=&#8221;#FFFFFF&#8221; icon_width=&#8221;32px&#8221; _builder_version=&#8221;4.27.4&#8243; _module_preset=&#8221;default&#8221; custom_margin=&#8221;||20px||false|false&#8221; locked=&#8221;off&#8221; global_colors_info=&#8221;{}&#8221;][\/et_pb_icon][et_pb_heading title=&#8221;Procesos y Servicios Log\u00edsticos&#8221; _builder_version=&#8221;4.27.4&#8243; _module_preset=&#8221;8472e909-81ab-43d2-ba31-1211157d3404&#8243; title_text_align=&#8221;center&#8221; title_text_color=&#8221;#FFFFFF&#8221; locked=&#8221;off&#8221; global_colors_info=&#8221;{}&#8221;][\/et_pb_heading][\/et_pb_column][et_pb_column type=&#8221;1_3&#8243; _builder_version=&#8221;4.27.4&#8243; _module_preset=&#8221;13c77840-780b-4139-bf86-5e168b05a10e&#8221; background_enable_color=&#8221;off&#8221; link_option_url=&#8221;https:\/\/fenix-ic.com\/sitio\/servicios\/asesorias-y-consultorias-empresariales\/&#8221; hover_enabled=&#8221;0&#8243; global_colors_info=&#8221;{}&#8221; sticky_enabled=&#8221;0&#8243;][et_pb_icon font_icon=&#8221;&#xf1ac;||fa||900&#8243; icon_color=&#8221;#FFFFFF&#8221; icon_width=&#8221;32px&#8221; _builder_version=&#8221;4.27.4&#8243; _module_preset=&#8221;default&#8221; custom_margin=&#8221;||20px||false|false&#8221; global_colors_info=&#8221;{}&#8221;][\/et_pb_icon][et_pb_heading title=&#8221;Asesor\u00edas y Consultor\u00edas Empresariales&#8221; _builder_version=&#8221;4.27.4&#8243; _module_preset=&#8221;8472e909-81ab-43d2-ba31-1211157d3404&#8243; title_text_align=&#8221;center&#8221; title_text_color=&#8221;#FFFFFF&#8221; hover_enabled=&#8221;0&#8243; global_colors_info=&#8221;{}&#8221; sticky_enabled=&#8221;0&#8243;][\/et_pb_heading][\/et_pb_column][\/et_pb_row][\/et_pb_section][et_pb_section fb_built=&#8221;1&#8243; admin_label=&#8221;Team&#8221; _builder_version=&#8221;4.25.2&#8243; _module_preset=&#8221;default&#8221; background_enable_color=&#8221;off&#8221; locked=&#8221;off&#8221; global_colors_info=&#8221;{%22gcid-b6c4f12c-f25d-4f61-9fb1-6e96404634cd%22:%91%22background_color%22%93}&#8221;][et_pb_row _builder_version=&#8221;4.25.2&#8243; _module_preset=&#8221;d0476f1b-2f7a-46b1-80d5-6fd290ea3830&#8243; global_colors_info=&#8221;{}&#8221;][et_pb_column type=&#8221;4_4&#8243; _builder_version=&#8221;4.25.2&#8243; _module_preset=&#8221;default&#8221; global_colors_info=&#8221;{}&#8221;][et_pb_heading title=&#8221;Etapas y Procesos&#8221; _builder_version=&#8221;4.27.4&#8243; _module_preset=&#8221;71c2d3e8-c927-43a1-beab-4c0e2e479e4b&#8221; title_text_color=&#8221;gcid-b70c6ec4-3d09-43b5-80df-154e6e990bf3&#8243; global_colors_info=&#8221;{%22gcid-b70c6ec4-3d09-43b5-80df-154e6e990bf3%22:%91%22title_text_color%22%93}&#8221;][\/et_pb_heading][et_pb_heading title=&#8221;Aspectos Generales&#8221; _builder_version=&#8221;4.27.4&#8243; _module_preset=&#8221;97755a99-b662-456e-901f-ea4717ebbe91&#8243; custom_margin=&#8221;||10px||false|false&#8221; global_colors_info=&#8221;{}&#8221;][\/et_pb_heading][\/et_pb_column][\/et_pb_row][et_pb_row column_structure=&#8221;1_2,1_2&#8243; _builder_version=&#8221;4.27.4&#8243; _module_preset=&#8221;d0476f1b-2f7a-46b1-80d5-6fd290ea3830&#8243; global_colors_info=&#8221;{}&#8221;][et_pb_column type=&#8221;1_2&#8243; _builder_version=&#8221;4.25.2&#8243; _module_preset=&#8221;default&#8221; global_colors_info=&#8221;{}&#8221;][et_pb_image src=&#8221;https:\/\/fenix-ic.com\/sitio\/wp-content\/uploads\/2024\/12\/truck-6844134_1280.jpg&#8221; title_text=&#8221;truck-6844134_1280&#8243; _builder_version=&#8221;4.27.4&#8243; _module_preset=&#8221;16fa8e78-4de0-4b4b-b52a-ce5a8ce945b0&#8243; filter_saturate=&#8221;200%&#8221; global_colors_info=&#8221;{}&#8221;][\/et_pb_image][\/et_pb_column][et_pb_column type=&#8221;1_2&#8243; _builder_version=&#8221;4.25.2&#8243; _module_preset=&#8221;default&#8221; global_colors_info=&#8221;{}&#8221;][et_pb_heading title=&#8221;Los Procesos y los Servicios Log\u00edsticos&#8221; _builder_version=&#8221;4.27.4&#8243; _module_preset=&#8221;3d28705b-bb54-46ca-b23d-7661bbea0d07&#8243; locked=&#8221;off&#8221; global_colors_info=&#8221;{}&#8221;][\/et_pb_heading][et_pb_text _builder_version=&#8221;4.27.4&#8243; _module_preset=&#8221;c4df3a74-14b1-49dc-9f21-1e3d6231ad88&#8243; max_width=&#8221;625px&#8221; locked=&#8221;off&#8221; global_colors_info=&#8221;{}&#8221;]<\/p>\n<p>En el contexto de la prestaci\u00f3n del servicio de transporte terrestre de carga, La Nueva M.C, Transportes S.A.S., realiza algunos procesos log\u00edsticos y del talento humano, que vale la pena destacar:<\/p>\n<ol>\n<li>Plan de Reacci\u00f3n y de Contingencias.<\/li>\n<li>Pol\u00edticas de Mantenimiento.<\/li>\n<li>Selecci\u00f3n de Recursos Humanos-<\/li>\n<li>Inducci\u00f3n y Capacitaci\u00f3n.<\/li>\n<li>Perfil del personal de la empresa.<\/li>\n<\/ol>\n<p>Y, en forma complementaria, se prestan otros servicios como los siguientes:<\/p>\n<ol>\n<li>Transporte y manejo log\u00edstico de productos perecederos.<\/li>\n<li>Transporte de comestibles y desayunos infantiles.<\/li>\n<li>Transporte de otros productos.<\/li>\n<\/ol>\n<p>[\/et_pb_text][\/et_pb_column][\/et_pb_row][et_pb_row column_structure=&#8221;1_2,1_2&#8243; _builder_version=&#8221;4.27.4&#8243; _module_preset=&#8221;d0476f1b-2f7a-46b1-80d5-6fd290ea3830&#8243; locked=&#8221;off&#8221; global_colors_info=&#8221;{}&#8221;][et_pb_column type=&#8221;1_2&#8243; _builder_version=&#8221;4.25.2&#8243; _module_preset=&#8221;default&#8221; global_colors_info=&#8221;{}&#8221;][et_pb_image src=&#8221;https:\/\/fenix-ic.com\/sitio\/wp-content\/uploads\/2024\/12\/Polizas_actuales.jpg&#8221; title_text=&#8221;Polizas_actuales&#8221; _builder_version=&#8221;4.27.4&#8243; _module_preset=&#8221;default&#8221; locked=&#8221;off&#8221; global_colors_info=&#8221;{}&#8221;][\/et_pb_image][\/et_pb_column][et_pb_column type=&#8221;1_2&#8243; _builder_version=&#8221;4.25.2&#8243; _module_preset=&#8221;default&#8221; global_colors_info=&#8221;{}&#8221;][et_pb_heading title=&#8221;Licencias y Autorizaciones de Transporte expedidos por las Autoridades&#8221; _builder_version=&#8221;4.27.4&#8243; _module_preset=&#8221;3d28705b-bb54-46ca-b23d-7661bbea0d07&#8243; global_colors_info=&#8221;{}&#8221;][\/et_pb_heading][et_pb_text _builder_version=&#8221;4.27.4&#8243; _module_preset=&#8221;8de92846-0608-41e0-831d-1b7d981646e2&#8243; global_colors_info=&#8221;{}&#8221;]<\/p>\n<p>LA NUEVA MC.TRANSPORTES S.A.S. cuenta con los siguientes permisos y habilitaciones a nivel nacional e internacional:<\/p>\n<ol>\n<li>Resoluci\u00f3n N\u00ba 000034 del 28 de enero de 1997 del Ministerio de Transporte (vigencia indefinida).<\/li>\n<li>Resoluci\u00f3n de habilitaci\u00f3n del Ministerio de Transporte No. 00323 de mayo 29 de 2002. (con vigencia indefinida).<\/li>\n<li>Certificado Digital, con el respectivo token, expedido por CERTICAMARA.<\/li>\n<\/ol>\n<p>[\/et_pb_text][\/et_pb_column][\/et_pb_row][et_pb_row _builder_version=&#8221;4.27.4&#8243; _module_preset=&#8221;d0476f1b-2f7a-46b1-80d5-6fd290ea3830&#8243; locked=&#8221;off&#8221; global_colors_info=&#8221;{}&#8221;][et_pb_column type=&#8221;4_4&#8243; _builder_version=&#8221;4.25.2&#8243; _module_preset=&#8221;default&#8221; global_colors_info=&#8221;{}&#8221;][et_pb_heading title=&#8221;Aspectos Log\u00edsticos de Nuestra Operaci\u00f3n&#8221; _builder_version=&#8221;4.27.4&#8243; _module_preset=&#8221;3d28705b-bb54-46ca-b23d-7661bbea0d07&#8243; title_text_align=&#8221;center&#8221; locked=&#8221;off&#8221; global_colors_info=&#8221;{}&#8221;][\/et_pb_heading][et_pb_image src=&#8221;https:\/\/fenix-ic.com\/sitio\/wp-content\/uploads\/2024\/12\/Aspectos_Operacion_Transporte.jpg&#8221; title_text=&#8221;Aspectos_Operacion_Transporte&#8221; align=&#8221;center&#8221; _builder_version=&#8221;4.27.4&#8243; _module_preset=&#8221;16fa8e78-4de0-4b4b-b52a-ce5a8ce945b0&#8243; custom_margin=&#8221;-2vh||||false|false&#8221; filter_saturate=&#8221;200%&#8221; locked=&#8221;off&#8221; global_colors_info=&#8221;{}&#8221;][\/et_pb_image][\/et_pb_column][\/et_pb_row][\/et_pb_section][et_pb_section fb_built=&#8221;1&#8243; admin_label=&#8221;Footer&#8221; _builder_version=&#8221;4.25.2&#8243; _module_preset=&#8221;default&#8221; background_color=&#8221;#000000&#8243; custom_padding=&#8221;||0px||false|false&#8221; saved_tabs=&#8221;all&#8221; locked=&#8221;off&#8221; global_colors_info=&#8221;{}&#8221;][et_pb_row column_structure=&#8221;1_2,1_4,1_4&#8243; _builder_version=&#8221;4.27.4&#8243; _module_preset=&#8221;c09607fc-ca04-4575-bc00-41f35f432f41&#8243; width=&#8221;78%&#8221; module_alignment=&#8221;center&#8221; locked=&#8221;off&#8221; global_colors_info=&#8221;{}&#8221;][et_pb_column type=&#8221;1_2&#8243; _builder_version=&#8221;4.25.2&#8243; _module_preset=&#8221;default&#8221; global_colors_info=&#8221;{}&#8221;][et_pb_heading title=&#8221;La Nueva MC Transportes S.A.S.&#8221; _builder_version=&#8221;4.27.4&#8243; _module_preset=&#8221;c7dc6119-ccf6-4706-920c-5bd96f269d23&#8243; title_text_color=&#8221;#FFFFFF&#8221; custom_margin=&#8221;||10px||false|false&#8221; global_colors_info=&#8221;{}&#8221;][\/et_pb_heading][et_pb_text _builder_version=&#8221;4.27.4&#8243; _module_preset=&#8221;f1dee2f7-a59e-4dde-bc43-709472961fa4&#8243; locked=&#8221;off&#8221; global_colors_info=&#8221;{}&#8221;]<\/p>\n<p>La Nueva M.C, Transportes S.A.S., es una empresa con amplia experiencia en el mercado, que data desde 1997, en el sector de transporte y log\u00edstica, con amplia infraestructura para el manejo integral de los procesos, los servicios y las relaciones con los clientes.\u00a0<span>Se ofrece el transporte de carga masiva, semi-masiva y distribuci\u00f3n a nivel nacional y urbano, as\u00ed como el transporte y manejo log\u00edstico de productos perecederos, comestibles y desayunos infantiles entre otros.<\/span><\/p>\n<p>[\/et_pb_text][\/et_pb_column][et_pb_column type=&#8221;1_4&#8243; _builder_version=&#8221;4.25.2&#8243; _module_preset=&#8221;default&#8221; global_colors_info=&#8221;{}&#8221;][et_pb_heading title=&#8221;Contacto&#8221; _builder_version=&#8221;4.27.4&#8243; _module_preset=&#8221;8472e909-81ab-43d2-ba31-1211157d3404&#8243; title_text_align=&#8221;center&#8221; title_text_color=&#8221;#FFFFFF&#8221; title_font_size=&#8221;20px&#8221; global_colors_info=&#8221;{}&#8221;][\/et_pb_heading][et_pb_heading title=&#8221;+57 601 751 9303&#8243; _builder_version=&#8221;4.27.4&#8243; _module_preset=&#8221;ec2df655-0a4d-4407-890e-520c4640f37a&#8221; title_text_align=&#8221;center&#8221; title_text_color=&#8221;#FFFFFF&#8221; title_font_size=&#8221;18px&#8221; custom_margin=&#8221;||0px||false|false&#8221; global_colors_info=&#8221;{}&#8221;][\/et_pb_heading][et_pb_heading title=&#8221;lanuevamc@fenix-ic.com&#8221; _builder_version=&#8221;4.27.4&#8243; _module_preset=&#8221;ec2df655-0a4d-4407-890e-520c4640f37a&#8221; title_text_align=&#8221;center&#8221; title_text_color=&#8221;#FFFFFF&#8221; title_font_size=&#8221;18px&#8221; custom_margin=&#8221;||0px||false|false&#8221; global_colors_info=&#8221;{}&#8221;][\/et_pb_heading][et_pb_heading title=&#8221;contabilidadmc@fenix-ic.com&#8221; _builder_version=&#8221;4.27.4&#8243; _module_preset=&#8221;ec2df655-0a4d-4407-890e-520c4640f37a&#8221; title_text_align=&#8221;center&#8221; title_text_color=&#8221;#FFFFFF&#8221; title_font_size=&#8221;18px&#8221; custom_margin=&#8221;||0px||false|false&#8221; global_colors_info=&#8221;{}&#8221;][\/et_pb_heading][et_pb_heading title=&#8221;presidencia@fenix-ic.com&#8221; _builder_version=&#8221;4.27.4&#8243; _module_preset=&#8221;ec2df655-0a4d-4407-890e-520c4640f37a&#8221; title_text_align=&#8221;center&#8221; title_text_color=&#8221;#FFFFFF&#8221; title_font_size=&#8221;18px&#8221; custom_margin=&#8221;||0px||false|false&#8221; global_colors_info=&#8221;{}&#8221;][\/et_pb_heading][\/et_pb_column][et_pb_column type=&#8221;1_4&#8243; _builder_version=&#8221;4.27.4&#8243; _module_preset=&#8221;default&#8221; global_colors_info=&#8221;{}&#8221;][et_pb_heading title=&#8221;Oficinas&#8221; _builder_version=&#8221;4.27.4&#8243; _module_preset=&#8221;8472e909-81ab-43d2-ba31-1211157d3404&#8243; title_text_align=&#8221;right&#8221; title_text_color=&#8221;#FFFFFF&#8221; title_font_size=&#8221;20px&#8221; global_colors_info=&#8221;{}&#8221;][\/et_pb_heading][et_pb_text _builder_version=&#8221;4.27.4&#8243; _module_preset=&#8221;272b9043-9703-4da6-bfc3-312de145fd01&#8243; text_text_color=&#8221;#FFFFFF&#8221; text_font_size=&#8221;16px&#8221; text_line_height=&#8221;100%&#8221; text_orientation=&#8221;right&#8221; global_colors_info=&#8221;{}&#8221;]<\/p>\n<p>Carrera 35A Nro. 58-13<\/p>\n<p>Bogot\u00e1 D.C<\/p>\n<p>[\/et_pb_text][et_pb_heading title=&#8221;NIT: 900.333.586-8&#8243; _builder_version=&#8221;4.27.4&#8243; _module_preset=&#8221;ec2df655-0a4d-4407-890e-520c4640f37a&#8221; title_text_align=&#8221;right&#8221; title_text_color=&#8221;#FFFFFF&#8221; title_font_size=&#8221;18px&#8221; locked=&#8221;off&#8221; global_colors_info=&#8221;{}&#8221;][\/et_pb_heading][\/et_pb_column][\/et_pb_row][et_pb_row _builder_version=&#8221;4.27.4&#8243; _module_preset=&#8221;c09607fc-ca04-4575-bc00-41f35f432f41&#8243; global_colors_info=&#8221;{}&#8221;][et_pb_column type=&#8221;4_4&#8243; _builder_version=&#8221;4.27.4&#8243; _module_preset=&#8221;default&#8221; background_enable_image=&#8221;off&#8221; global_colors_info=&#8221;{}&#8221;][et_pb_image src=&#8221;https:\/\/fenix-ic.com\/sitio\/wp-content\/uploads\/2024\/12\/night-recorte-2.jpg&#8221; title_text=&#8221;night-recorte-2&#8243; align=&#8221;center&#8221; _builder_version=&#8221;4.27.4&#8243; _module_preset=&#8221;default&#8221; module_alignment=&#8221;center&#8221; global_colors_info=&#8221;{}&#8221;][\/et_pb_image][\/et_pb_column][\/et_pb_row][et_pb_row _builder_version=&#8221;4.25.2&#8243; _module_preset=&#8221;default&#8221; global_colors_info=&#8221;{}&#8221;][et_pb_column type=&#8221;4_4&#8243; _builder_version=&#8221;4.25.2&#8243; _module_preset=&#8221;default&#8221; global_colors_info=&#8221;{}&#8221;][et_pb_text _builder_version=&#8221;4.27.4&#8243; _module_preset=&#8221;c4df3a74-14b1-49dc-9f21-1e3d6231ad88&#8243; text_orientation=&#8221;center&#8221; global_colors_info=&#8221;{}&#8221;]<\/p>\n<p>Todos los Derechos \u00a9 2024 La Nueva MC Transportes S.A.S. \u00ae<\/p>\n<p>[\/et_pb_text][\/et_pb_column][\/et_pb_row][\/et_pb_section]<\/p>\n","protected":false},"excerpt":{"rendered":"<p>En el contexto de la prestaci\u00f3n del servicio de transporte terrestre de carga, La Nueva M.C, Transportes S.A.S., realiza algunos procesos log\u00edsticos y del talento humano, que vale la pena destacar: Plan de Reacci\u00f3n y de Contingencias. Pol\u00edticas de Mantenimiento. Selecci\u00f3n de Recursos Humanos- Inducci\u00f3n y Capacitaci\u00f3n. Perfil del personal de la empresa. Y, en [&hellip;]<\/p>\n","protected":false},"author":1,"featured_media":0,"parent":38,"menu_order":0,"comment_status":"closed","ping_status":"closed","template":"","meta":{"_et_pb_use_builder":"on","_et_pb_old_content":"","_et_gb_content_width":"","footnotes":""},"class_list":["post-95","page","type-page","status-publish","hentry"],"_links":{"self":[{"href":"https:\/\/fenix-ic.com\/sitio\/wp-json\/wp\/v2\/pages\/95","targetHints":{"allow":["GET"]}}],"collection":[{"href":"https:\/\/fenix-ic.com\/sitio\/wp-json\/wp\/v2\/pages"}],"about":[{"href":"https:\/\/fenix-ic.com\/sitio\/wp-json\/wp\/v2\/types\/page"}],"author":[{"embeddable":true,"href":"https:\/\/fenix-ic.com\/sitio\/wp-json\/wp\/v2\/users\/1"}],"replies":[{"embeddable":true,"href":"https:\/\/fenix-ic.com\/sitio\/wp-json\/wp\/v2\/comments?post=95"}],"version-history":[{"count":26,"href":"https:\/\/fenix-ic.com\/sitio\/wp-json\/wp\/v2\/pages\/95\/revisions"}],"predecessor-version":[{"id":429,"href":"https:\/\/fenix-ic.com\/sitio\/wp-json\/wp\/v2\/pages\/95\/revisions\/429"}],"up":[{"embeddable":true,"href":"https:\/\/fenix-ic.com\/sitio\/wp-json\/wp\/v2\/pages\/38"}],"wp:attachment":[{"href":"https:\/\/fenix-ic.com\/sitio\/wp-json\/wp\/v2\/media?parent=95"}],"curies":[{"name":"wp","href":"https:\/\/api.w.org\/{rel}","templated":true}]}}