{"id":89,"date":"2024-12-06T19:53:12","date_gmt":"2024-12-07T00:53:12","guid":{"rendered":"https:\/\/fenix-ic.com\/sitio\/?page_id=89"},"modified":"2024-12-19T02:25:49","modified_gmt":"2024-12-19T07:25:49","slug":"transporte-terrestre-de-carga","status":"publish","type":"page","link":"https:\/\/fenix-ic.com\/sitio\/servicios\/transporte-terrestre-de-carga\/","title":{"rendered":"Transporte Terrestre de Carga"},"content":{"rendered":"<p>[et_pb_section fb_built=&#8221;1&#8243; custom_padding_last_edited=&#8221;on|phone&#8221; admin_label=&#8221;Header&#8221; _builder_version=&#8221;4.27.4&#8243; _module_preset=&#8221;e6167cdd-6a8b-4149-8d1b-a9cdaf680766&#8243; background_enable_color=&#8221;off&#8221; use_background_color_gradient=&#8221;off&#8221; background_image=&#8221;https:\/\/fenix-ic.com\/sitio\/wp-content\/uploads\/2024\/12\/canada-784392_1280.jpg&#8221; custom_padding=&#8221;10vw||0px||false|false&#8221; custom_padding_tablet=&#8221;20vw||0px||false|false&#8221; custom_padding_phone=&#8221;20vw||0px||false|false&#8221; locked=&#8221;off&#8221; global_colors_info=&#8221;{}&#8221;][et_pb_row _builder_version=&#8221;4.27.4&#8243; _module_preset=&#8221;1c160e49-9feb-43c1-ba21-6ac9646828e7&#8243; width=&#8221;100%&#8221; module_alignment=&#8221;center&#8221; custom_margin=&#8221;||||false|false&#8221; custom_padding=&#8221;4vw||||false|false&#8221; global_colors_info=&#8221;{}&#8221;][et_pb_column type=&#8221;4_4&#8243; _builder_version=&#8221;4.27.4&#8243; _module_preset=&#8221;default&#8221; global_colors_info=&#8221;{}&#8221;][et_pb_heading title=&#8221;Servicio de Transporte Terrestre de Carga&#8221; _builder_version=&#8221;4.27.4&#8243; _module_preset=&#8221;aa94b23e-d490-4e92-8a4d-b71564182428&#8243; title_text_align=&#8221;right&#8221; title_text_color=&#8221;#ffb523&#8243; title_font_size=&#8221;90px&#8221; max_width=&#8221;80%&#8221; module_alignment=&#8221;center&#8221; text_shadow_style=&#8221;preset1&#8243; text_shadow_color=&#8221;#281500&#8243; global_colors_info=&#8221;{}&#8221;][\/et_pb_heading][\/et_pb_column][\/et_pb_row][et_pb_row column_structure=&#8221;1_3,1_3,1_3&#8243; use_custom_gutter=&#8221;on&#8221; gutter_width=&#8221;1&#8243; _builder_version=&#8221;4.27.4&#8243; _module_preset=&#8221;c09607fc-ca04-4575-bc00-41f35f432f41&#8243; background_color=&#8221;#008e36&#8243; background_enable_color=&#8221;on&#8221; max_width=&#8221;80%&#8221; custom_padding=&#8221;0px||0px||true|false&#8221; hover_enabled=&#8221;0&#8243; global_colors_info=&#8221;{}&#8221; sticky_enabled=&#8221;0&#8243; locked=&#8221;off&#8221;][et_pb_column type=&#8221;1_3&#8243; _builder_version=&#8221;4.27.4&#8243; _module_preset=&#8221;13c77840-780b-4139-bf86-5e168b05a10e&#8221; background_enable_color=&#8221;off&#8221; link_option_url=&#8221;https:\/\/fenix-ic.com\/sitio\/servicios\/transporte-terrestre\/&#8221; global_colors_info=&#8221;{}&#8221;][et_pb_icon font_icon=&#8221;&#xf5b6;||fa||900&#8243; icon_color=&#8221;#FFFFFF&#8221; icon_width=&#8221;32px&#8221; _builder_version=&#8221;4.27.4&#8243; _module_preset=&#8221;default&#8221; custom_margin=&#8221;||20px||false|false&#8221; global_colors_info=&#8221;{}&#8221;][\/et_pb_icon][et_pb_heading title=&#8221;Transporte Terrestre de Carga&#8221; _builder_version=&#8221;4.27.4&#8243; _module_preset=&#8221;8472e909-81ab-43d2-ba31-1211157d3404&#8243; title_text_align=&#8221;center&#8221; title_text_color=&#8221;#FFFFFF&#8221; hover_enabled=&#8221;0&#8243; global_colors_info=&#8221;{}&#8221; sticky_enabled=&#8221;0&#8243;][\/et_pb_heading][\/et_pb_column][et_pb_column type=&#8221;1_3&#8243; _builder_version=&#8221;4.27.4&#8243; _module_preset=&#8221;13c77840-780b-4139-bf86-5e168b05a10e&#8221; background_enable_color=&#8221;off&#8221; link_option_url=&#8221;https:\/\/fenix-ic.com\/sitio\/servicios\/procesos-y-servicios-logisticos\/&#8221; global_colors_info=&#8221;{}&#8221;][et_pb_icon font_icon=&#8221;&#xf085;||fa||900&#8243; icon_color=&#8221;#FFFFFF&#8221; icon_width=&#8221;32px&#8221; _builder_version=&#8221;4.27.4&#8243; _module_preset=&#8221;default&#8221; custom_margin=&#8221;||20px||false|false&#8221; locked=&#8221;off&#8221; global_colors_info=&#8221;{}&#8221;][\/et_pb_icon][et_pb_heading title=&#8221;Procesos y Servicios Log\u00edsticos&#8221; _builder_version=&#8221;4.27.4&#8243; _module_preset=&#8221;8472e909-81ab-43d2-ba31-1211157d3404&#8243; title_text_align=&#8221;center&#8221; title_text_color=&#8221;#FFFFFF&#8221; locked=&#8221;off&#8221; global_colors_info=&#8221;{}&#8221;][\/et_pb_heading][\/et_pb_column][et_pb_column type=&#8221;1_3&#8243; _builder_version=&#8221;4.27.4&#8243; _module_preset=&#8221;13c77840-780b-4139-bf86-5e168b05a10e&#8221; background_enable_color=&#8221;off&#8221; link_option_url=&#8221;https:\/\/fenix-ic.com\/sitio\/servicios\/asesorias-y-consultorias-empresariales\/&#8221; hover_enabled=&#8221;0&#8243; global_colors_info=&#8221;{}&#8221; sticky_enabled=&#8221;0&#8243;][et_pb_icon font_icon=&#8221;&#xf1ac;||fa||900&#8243; icon_color=&#8221;#FFFFFF&#8221; icon_width=&#8221;32px&#8221; _builder_version=&#8221;4.27.4&#8243; _module_preset=&#8221;default&#8221; custom_margin=&#8221;||20px||false|false&#8221; global_colors_info=&#8221;{}&#8221;][\/et_pb_icon][et_pb_heading title=&#8221;Asesor\u00edas y Consultor\u00edas Empresariales&#8221; _builder_version=&#8221;4.27.4&#8243; _module_preset=&#8221;8472e909-81ab-43d2-ba31-1211157d3404&#8243; title_text_align=&#8221;center&#8221; title_text_color=&#8221;#FFFFFF&#8221; hover_enabled=&#8221;0&#8243; global_colors_info=&#8221;{}&#8221; sticky_enabled=&#8221;0&#8243;][\/et_pb_heading][\/et_pb_column][\/et_pb_row][\/et_pb_section][et_pb_section fb_built=&#8221;1&#8243; admin_label=&#8221;Team&#8221; _builder_version=&#8221;4.25.2&#8243; _module_preset=&#8221;default&#8221; background_enable_color=&#8221;off&#8221; locked=&#8221;off&#8221; global_colors_info=&#8221;{%22gcid-b6c4f12c-f25d-4f61-9fb1-6e96404634cd%22:%91%22background_color%22%93}&#8221;][et_pb_row _builder_version=&#8221;4.25.2&#8243; _module_preset=&#8221;d0476f1b-2f7a-46b1-80d5-6fd290ea3830&#8243; global_colors_info=&#8221;{}&#8221;][et_pb_column type=&#8221;4_4&#8243; _builder_version=&#8221;4.25.2&#8243; _module_preset=&#8221;default&#8221; global_colors_info=&#8221;{}&#8221;][et_pb_heading title=&#8221;Etapas y Procesos&#8221; _builder_version=&#8221;4.27.4&#8243; _module_preset=&#8221;71c2d3e8-c927-43a1-beab-4c0e2e479e4b&#8221; title_text_color=&#8221;gcid-b70c6ec4-3d09-43b5-80df-154e6e990bf3&#8243; global_colors_info=&#8221;{%22gcid-b70c6ec4-3d09-43b5-80df-154e6e990bf3%22:%91%22title_text_color%22%93}&#8221;][\/et_pb_heading][et_pb_heading title=&#8221;Aspectos Generales del Servicio&#8221; _builder_version=&#8221;4.27.4&#8243; _module_preset=&#8221;97755a99-b662-456e-901f-ea4717ebbe91&#8243; custom_margin=&#8221;||10px||false|false&#8221; global_colors_info=&#8221;{}&#8221;][\/et_pb_heading][\/et_pb_column][\/et_pb_row][et_pb_row column_structure=&#8221;1_2,1_2&#8243; _builder_version=&#8221;4.27.4&#8243; _module_preset=&#8221;d0476f1b-2f7a-46b1-80d5-6fd290ea3830&#8243; global_colors_info=&#8221;{}&#8221;][et_pb_column type=&#8221;1_2&#8243; _builder_version=&#8221;4.25.2&#8243; _module_preset=&#8221;default&#8221; global_colors_info=&#8221;{}&#8221;][et_pb_image src=&#8221;https:\/\/fenix-ic.com\/sitio\/wp-content\/uploads\/2024\/12\/truck-460432_1280.jpg&#8221; title_text=&#8221;truck-460432_1280&#8243; _builder_version=&#8221;4.27.4&#8243; _module_preset=&#8221;16fa8e78-4de0-4b4b-b52a-ce5a8ce945b0&#8243; filter_saturate=&#8221;200%&#8221; global_colors_info=&#8221;{}&#8221;][\/et_pb_image][\/et_pb_column][et_pb_column type=&#8221;1_2&#8243; _builder_version=&#8221;4.25.2&#8243; _module_preset=&#8221;default&#8221; global_colors_info=&#8221;{}&#8221;][et_pb_heading title=&#8221;La Nueva MC Transportes S.A.S.&#8221; _builder_version=&#8221;4.27.4&#8243; _module_preset=&#8221;3d28705b-bb54-46ca-b23d-7661bbea0d07&#8243; locked=&#8221;off&#8221; global_colors_info=&#8221;{}&#8221;][\/et_pb_heading][et_pb_text _builder_version=&#8221;4.27.4&#8243; _module_preset=&#8221;c4df3a74-14b1-49dc-9f21-1e3d6231ad88&#8243; max_width=&#8221;625px&#8221; locked=&#8221;off&#8221; global_colors_info=&#8221;{}&#8221;]<\/p>\n<p>La Nueva M.C, Transportes S.A.S., es una empresa con una amplia experiencia en el mercado que data desde 1997, en el sector de transporte y log\u00edstica, con amplia infraestructura necesaria para el manejo integral de nuestros clientes, generando valores agregados propios de la operaci\u00f3n diaria, lo que nos permite crecer juntos.<\/p>\n<p>Dentro de nuestro portafolio, ofrecemos: el transporte de carga masiva, semi-masiva, distribuci\u00f3n a nivel nacional y urbano. Transporte y manejo log\u00edstico de productos perecederos, comestibles y desayunos infantiles entre otros.<\/p>\n<p>Cumplimos con todos los requerimientos del Decreto 3075 de 1997. Entre los beneficios ofrecidos con la tarifa, contamos con:<\/p>\n<ol>\n<li>Sistemas de comunicaci\u00f3n, con tecnolog\u00eda de punta.<\/li>\n<li>Software para seguimiento vehicular.<\/li>\n<li>Las mejores alianzas del sector, como: Destino Seguro, Terpel, los hoteles y restaurantes m\u00e1s conocidos del pa\u00eds.<\/li>\n<\/ol>\n<p>Como garant\u00edas de calidad y oportunidad, presentamos, factura comercial, debidamente soportada con los respectivos cumplidos, una vez a la semana, o como el cliente lo requiera.<\/p>\n<p>El plazo para cancelar la factura, una vez este emitida y radicada, ser\u00e1 m\u00e1ximo de quince d\u00edas.<\/p>\n<p>En este orden de ideas, estamos seguros de poder proveerles una soluci\u00f3n real y eficiente para sus requerimientos.<\/p>\n<p>Con mucho gusto estaremos atentos para ampliar esta informaci\u00f3n o aclarar cualquier inquietud que genere nuestra compa\u00f1\u00eda.<\/p>\n<p>[\/et_pb_text][\/et_pb_column][\/et_pb_row][et_pb_row _builder_version=&#8221;4.25.2&#8243; _module_preset=&#8221;d0476f1b-2f7a-46b1-80d5-6fd290ea3830&#8243; locked=&#8221;off&#8221; global_colors_info=&#8221;{}&#8221;][et_pb_column type=&#8221;4_4&#8243; _builder_version=&#8221;4.25.2&#8243; _module_preset=&#8221;default&#8221; global_colors_info=&#8221;{}&#8221;][et_pb_heading title=&#8221;Las Etapas de la Prestaci\u00f3n del Servicio&#8221; _builder_version=&#8221;4.27.4&#8243; _module_preset=&#8221;97755a99-b662-456e-901f-ea4717ebbe91&#8243; custom_margin=&#8221;||10px||false|false&#8221; global_colors_info=&#8221;{}&#8221;][\/et_pb_heading][\/et_pb_column][\/et_pb_row][et_pb_row column_structure=&#8221;1_2,1_2&#8243; _builder_version=&#8221;4.27.4&#8243; _module_preset=&#8221;d0476f1b-2f7a-46b1-80d5-6fd290ea3830&#8243; locked=&#8221;off&#8221; global_colors_info=&#8221;{}&#8221;][et_pb_column type=&#8221;1_2&#8243; _builder_version=&#8221;4.25.2&#8243; _module_preset=&#8221;default&#8221; global_colors_info=&#8221;{}&#8221;][et_pb_image src=&#8221;https:\/\/fenix-ic.com\/sitio\/wp-content\/uploads\/2024\/12\/Mapa_Colombia_Color.jpg&#8221; title_text=&#8221;Mapa_Colombia_Color&#8221; _builder_version=&#8221;4.27.4&#8243; _module_preset=&#8221;16fa8e78-4de0-4b4b-b52a-ce5a8ce945b0&#8243; filter_saturate=&#8221;200%&#8221; global_colors_info=&#8221;{}&#8221;][\/et_pb_image][\/et_pb_column][et_pb_column type=&#8221;1_2&#8243; _builder_version=&#8221;4.25.2&#8243; _module_preset=&#8221;default&#8221; global_colors_info=&#8221;{}&#8221;][et_pb_heading title=&#8221;Cubrimiento del Servicio&#8221; _builder_version=&#8221;4.27.4&#8243; _module_preset=&#8221;3d28705b-bb54-46ca-b23d-7661bbea0d07&#8243; locked=&#8221;off&#8221; global_colors_info=&#8221;{}&#8221;][\/et_pb_heading][et_pb_text _builder_version=&#8221;4.27.4&#8243; _module_preset=&#8221;8de92846-0608-41e0-831d-1b7d981646e2&#8243; locked=&#8221;off&#8221; global_colors_info=&#8221;{}&#8221;]<\/p>\n<p>El servicio de LA NUEVA MC.TRANSPORTES S.A.S. cubre todo el territorio nacional con el transporte de carga masiva, semi-masiva, distribuci\u00f3n a nivel urbano y rural.\u00a0As\u00ed mismo se ofrece el transporte y manejo log\u00edstico de productos perecederos, comestibles y desayunos infantiles entre otros.<\/p>\n<p>[\/et_pb_text][et_pb_heading title=&#8221;Ingreso de veh\u00edculos&#8221; _builder_version=&#8221;4.27.4&#8243; _module_preset=&#8221;3d28705b-bb54-46ca-b23d-7661bbea0d07&#8243; locked=&#8221;off&#8221; global_colors_info=&#8221;{}&#8221;][\/et_pb_heading][et_pb_text _builder_version=&#8221;4.27.4&#8243; _module_preset=&#8221;8de92846-0608-41e0-831d-1b7d981646e2&#8243; locked=&#8221;off&#8221; global_colors_info=&#8221;{}&#8221;]<\/p>\n<p>El esquema de contrataci\u00f3n de veh\u00edculos de LA NUEVA MC.TRANSPORTES S.A.S. se realiza bajo criterios bien definidos y de un alto est\u00e1ndar de seguridad. Se cuenta con una base de datos totalmente actualizada, incluyendo fotograf\u00edas digitales de cada veh\u00edculo y su conductor, como as\u00ed tambi\u00e9n una hoja de vida de cada unidad, con copias de documentos, huellas digitales y dem\u00e1s informaci\u00f3n importante, lo que permite un an\u00e1lisis r\u00e1pido y eficiente de cada veh\u00edculo. Adicionalmente, a cada veh\u00edculo se le realiza una inspecci\u00f3n f\u00edsica a fin de evaluar si cumple con los requisitos del actual c\u00f3digo de tr\u00e1nsito terrestre.<\/p>\n<p>[\/et_pb_text][et_pb_heading title=&#8221;Seguimiento de la Carga&#8221; _builder_version=&#8221;4.27.4&#8243; _module_preset=&#8221;3d28705b-bb54-46ca-b23d-7661bbea0d07&#8243; locked=&#8221;off&#8221; global_colors_info=&#8221;{}&#8221;][\/et_pb_heading][et_pb_text _builder_version=&#8221;4.27.4&#8243; _module_preset=&#8221;8de92846-0608-41e0-831d-1b7d981646e2&#8243; locked=&#8221;off&#8221; global_colors_info=&#8221;{}&#8221;]<\/p>\n<p>LA NUEVA MC. TRANSPORTES S.A.S. monitorea todos sus despachos a trav\u00e9s de un sistema integrado de puestos de control enlazados, utilizando para ello la modalidad de outsourcing con diferentes proveedores, debidamente reconocidos en el mercado, quienes coordinan los puestos de control y centralizan la informaci\u00f3n obtenida en el transcurso del viaje.<\/p>\n<ol>\n<li>Despachos en ruta<\/li>\n<li>Despachos por puestos de control<\/li>\n<li>Despachos por rutas<\/li>\n<li>Despachos finalizados<\/li>\n<li>Historial por veh\u00edculos<\/li>\n<\/ol>\n<p>[\/et_pb_text][\/et_pb_column][\/et_pb_row][\/et_pb_section][et_pb_section fb_built=&#8221;1&#8243; admin_label=&#8221;Footer&#8221; _builder_version=&#8221;4.25.2&#8243; _module_preset=&#8221;default&#8221; background_color=&#8221;#000000&#8243; custom_padding=&#8221;||0px||false|false&#8221; saved_tabs=&#8221;all&#8221; locked=&#8221;off&#8221; global_colors_info=&#8221;{}&#8221;][et_pb_row column_structure=&#8221;1_2,1_4,1_4&#8243; _builder_version=&#8221;4.27.4&#8243; _module_preset=&#8221;c09607fc-ca04-4575-bc00-41f35f432f41&#8243; width=&#8221;78%&#8221; module_alignment=&#8221;center&#8221; locked=&#8221;off&#8221; global_colors_info=&#8221;{}&#8221;][et_pb_column type=&#8221;1_2&#8243; _builder_version=&#8221;4.25.2&#8243; _module_preset=&#8221;default&#8221; global_colors_info=&#8221;{}&#8221;][et_pb_heading title=&#8221;La Nueva MC Transportes S.A.S.&#8221; _builder_version=&#8221;4.27.4&#8243; _module_preset=&#8221;c7dc6119-ccf6-4706-920c-5bd96f269d23&#8243; title_text_color=&#8221;#FFFFFF&#8221; custom_margin=&#8221;||10px||false|false&#8221; global_colors_info=&#8221;{}&#8221;][\/et_pb_heading][et_pb_text _builder_version=&#8221;4.27.4&#8243; _module_preset=&#8221;f1dee2f7-a59e-4dde-bc43-709472961fa4&#8243; locked=&#8221;off&#8221; global_colors_info=&#8221;{}&#8221;]<\/p>\n<p>La Nueva M.C, Transportes S.A.S., es una empresa con amplia experiencia en el mercado, que data desde 1997, en el sector de transporte y log\u00edstica, con amplia infraestructura para el manejo integral de los procesos, los servicios y las relaciones con los clientes.\u00a0<span>Se ofrece el transporte de carga masiva, semi-masiva y distribuci\u00f3n a nivel nacional y urbano, as\u00ed como el transporte y manejo log\u00edstico de productos perecederos, comestibles y desayunos infantiles entre otros.<\/span><\/p>\n<p>[\/et_pb_text][\/et_pb_column][et_pb_column type=&#8221;1_4&#8243; _builder_version=&#8221;4.25.2&#8243; _module_preset=&#8221;default&#8221; global_colors_info=&#8221;{}&#8221;][et_pb_heading title=&#8221;Contacto&#8221; _builder_version=&#8221;4.27.4&#8243; _module_preset=&#8221;8472e909-81ab-43d2-ba31-1211157d3404&#8243; title_text_align=&#8221;center&#8221; title_text_color=&#8221;#FFFFFF&#8221; title_font_size=&#8221;20px&#8221; global_colors_info=&#8221;{}&#8221;][\/et_pb_heading][et_pb_heading title=&#8221;+57 601 751 9303&#8243; _builder_version=&#8221;4.27.4&#8243; _module_preset=&#8221;ec2df655-0a4d-4407-890e-520c4640f37a&#8221; title_text_align=&#8221;center&#8221; title_text_color=&#8221;#FFFFFF&#8221; title_font_size=&#8221;18px&#8221; custom_margin=&#8221;||0px||false|false&#8221; global_colors_info=&#8221;{}&#8221;][\/et_pb_heading][et_pb_heading title=&#8221;lanuevamc@fenix-ic.com&#8221; _builder_version=&#8221;4.27.4&#8243; _module_preset=&#8221;ec2df655-0a4d-4407-890e-520c4640f37a&#8221; title_text_align=&#8221;center&#8221; title_text_color=&#8221;#FFFFFF&#8221; title_font_size=&#8221;18px&#8221; custom_margin=&#8221;||0px||false|false&#8221; global_colors_info=&#8221;{}&#8221;][\/et_pb_heading][et_pb_heading title=&#8221;contabilidadmc@fenix-ic.com&#8221; _builder_version=&#8221;4.27.4&#8243; _module_preset=&#8221;ec2df655-0a4d-4407-890e-520c4640f37a&#8221; title_text_align=&#8221;center&#8221; title_text_color=&#8221;#FFFFFF&#8221; title_font_size=&#8221;18px&#8221; custom_margin=&#8221;||0px||false|false&#8221; global_colors_info=&#8221;{}&#8221;][\/et_pb_heading][et_pb_heading title=&#8221;presidencia@fenix-ic.com&#8221; _builder_version=&#8221;4.27.4&#8243; _module_preset=&#8221;ec2df655-0a4d-4407-890e-520c4640f37a&#8221; title_text_align=&#8221;center&#8221; title_text_color=&#8221;#FFFFFF&#8221; title_font_size=&#8221;18px&#8221; custom_margin=&#8221;||0px||false|false&#8221; global_colors_info=&#8221;{}&#8221;][\/et_pb_heading][\/et_pb_column][et_pb_column type=&#8221;1_4&#8243; _builder_version=&#8221;4.27.4&#8243; _module_preset=&#8221;default&#8221; global_colors_info=&#8221;{}&#8221;][et_pb_heading title=&#8221;Oficinas&#8221; _builder_version=&#8221;4.27.4&#8243; _module_preset=&#8221;8472e909-81ab-43d2-ba31-1211157d3404&#8243; title_text_align=&#8221;right&#8221; title_text_color=&#8221;#FFFFFF&#8221; title_font_size=&#8221;20px&#8221; global_colors_info=&#8221;{}&#8221;][\/et_pb_heading][et_pb_text _builder_version=&#8221;4.27.4&#8243; _module_preset=&#8221;272b9043-9703-4da6-bfc3-312de145fd01&#8243; text_text_color=&#8221;#FFFFFF&#8221; text_font_size=&#8221;16px&#8221; text_line_height=&#8221;100%&#8221; text_orientation=&#8221;right&#8221; global_colors_info=&#8221;{}&#8221;]<\/p>\n<p>Carrera 35A Nro. 58-13<\/p>\n<p>Bogot\u00e1 D.C<\/p>\n<p>[\/et_pb_text][et_pb_heading title=&#8221;NIT: 900.333.586-8&#8243; _builder_version=&#8221;4.27.4&#8243; _module_preset=&#8221;ec2df655-0a4d-4407-890e-520c4640f37a&#8221; title_text_align=&#8221;right&#8221; title_text_color=&#8221;#FFFFFF&#8221; title_font_size=&#8221;18px&#8221; locked=&#8221;off&#8221; global_colors_info=&#8221;{}&#8221;][\/et_pb_heading][\/et_pb_column][\/et_pb_row][et_pb_row _builder_version=&#8221;4.27.4&#8243; _module_preset=&#8221;c09607fc-ca04-4575-bc00-41f35f432f41&#8243; global_colors_info=&#8221;{}&#8221;][et_pb_column type=&#8221;4_4&#8243; _builder_version=&#8221;4.27.4&#8243; _module_preset=&#8221;default&#8221; background_enable_image=&#8221;off&#8221; global_colors_info=&#8221;{}&#8221;][et_pb_image src=&#8221;https:\/\/fenix-ic.com\/sitio\/wp-content\/uploads\/2024\/12\/night-recorte-2.jpg&#8221; title_text=&#8221;night-recorte-2&#8243; align=&#8221;center&#8221; _builder_version=&#8221;4.27.4&#8243; _module_preset=&#8221;default&#8221; module_alignment=&#8221;center&#8221; global_colors_info=&#8221;{}&#8221;][\/et_pb_image][\/et_pb_column][\/et_pb_row][et_pb_row _builder_version=&#8221;4.25.2&#8243; _module_preset=&#8221;default&#8221; global_colors_info=&#8221;{}&#8221;][et_pb_column type=&#8221;4_4&#8243; _builder_version=&#8221;4.25.2&#8243; _module_preset=&#8221;default&#8221; global_colors_info=&#8221;{}&#8221;][et_pb_text _builder_version=&#8221;4.27.4&#8243; _module_preset=&#8221;c4df3a74-14b1-49dc-9f21-1e3d6231ad88&#8243; text_orientation=&#8221;center&#8221; global_colors_info=&#8221;{}&#8221;]<\/p>\n<p>Todos los Derechos \u00a9 2024 La Nueva MC Transportes S.A.S. \u00ae<\/p>\n<p>[\/et_pb_text][\/et_pb_column][\/et_pb_row][\/et_pb_section]<\/p>\n","protected":false},"excerpt":{"rendered":"<p>La Nueva M.C, Transportes S.A.S., es una empresa con una amplia experiencia en el mercado que data desde 1997, en el sector de transporte y log\u00edstica, con amplia infraestructura necesaria para el manejo integral de nuestros clientes, generando valores agregados propios de la operaci\u00f3n diaria, lo que nos permite crecer juntos. Dentro de nuestro portafolio, [&hellip;]<\/p>\n","protected":false},"author":1,"featured_media":0,"parent":38,"menu_order":0,"comment_status":"closed","ping_status":"closed","template":"","meta":{"_et_pb_use_builder":"on","_et_pb_old_content":"","_et_gb_content_width":"","footnotes":""},"class_list":["post-89","page","type-page","status-publish","hentry"],"_links":{"self":[{"href":"https:\/\/fenix-ic.com\/sitio\/wp-json\/wp\/v2\/pages\/89","targetHints":{"allow":["GET"]}}],"collection":[{"href":"https:\/\/fenix-ic.com\/sitio\/wp-json\/wp\/v2\/pages"}],"about":[{"href":"https:\/\/fenix-ic.com\/sitio\/wp-json\/wp\/v2\/types\/page"}],"author":[{"embeddable":true,"href":"https:\/\/fenix-ic.com\/sitio\/wp-json\/wp\/v2\/users\/1"}],"replies":[{"embeddable":true,"href":"https:\/\/fenix-ic.com\/sitio\/wp-json\/wp\/v2\/comments?post=89"}],"version-history":[{"count":33,"href":"https:\/\/fenix-ic.com\/sitio\/wp-json\/wp\/v2\/pages\/89\/revisions"}],"predecessor-version":[{"id":428,"href":"https:\/\/fenix-ic.com\/sitio\/wp-json\/wp\/v2\/pages\/89\/revisions\/428"}],"up":[{"embeddable":true,"href":"https:\/\/fenix-ic.com\/sitio\/wp-json\/wp\/v2\/pages\/38"}],"wp:attachment":[{"href":"https:\/\/fenix-ic.com\/sitio\/wp-json\/wp\/v2\/media?parent=89"}],"curies":[{"name":"wp","href":"https:\/\/api.w.org\/{rel}","templated":true}]}}