{"id":46,"date":"2024-12-06T06:06:22","date_gmt":"2024-12-06T11:06:22","guid":{"rendered":"https:\/\/fenix-ic.com\/sitio\/?page_id=46"},"modified":"2024-12-20T14:52:57","modified_gmt":"2024-12-20T19:52:57","slug":"contactenos","status":"publish","type":"page","link":"https:\/\/fenix-ic.com\/sitio\/contactenos\/","title":{"rendered":"Cont\u00e1ctenos"},"content":{"rendered":"<p>[et_pb_section fb_built=&#8221;1&#8243; admin_label=&#8221;Contact&#8221; _builder_version=&#8221;4.25.2&#8243; _module_preset=&#8221;default&#8221; background_enable_color=&#8221;off&#8221; locked=&#8221;off&#8221; global_colors_info=&#8221;{%22gcid-b6c4f12c-f25d-4f61-9fb1-6e96404634cd%22:%91%22background_color%22%93}&#8221;][et_pb_row _builder_version=&#8221;4.25.2&#8243; _module_preset=&#8221;default&#8221; max_width=&#8221;1320px&#8221; global_colors_info=&#8221;{}&#8221;][et_pb_column type=&#8221;4_4&#8243; _builder_version=&#8221;4.25.2&#8243; _module_preset=&#8221;default&#8221; global_colors_info=&#8221;{}&#8221;][et_pb_heading title=&#8221;Cont\u00e1ctenos&#8221; _builder_version=&#8221;4.25.2&#8243; _module_preset=&#8221;e1250743-5708-434c-b456-0449c451c051&#8243; custom_margin=&#8221;||10px||false|false&#8221; global_colors_info=&#8221;{}&#8221;][\/et_pb_heading][\/et_pb_column][\/et_pb_row][et_pb_row column_structure=&#8221;1_2,1_2&#8243; _builder_version=&#8221;4.25.2&#8243; _module_preset=&#8221;default&#8221; max_width=&#8221;1320px&#8221; global_colors_info=&#8221;{}&#8221;][et_pb_column type=&#8221;1_2&#8243; _builder_version=&#8221;4.25.2&#8243; _module_preset=&#8221;default&#8221; global_colors_info=&#8221;{}&#8221;][et_pb_text _builder_version=&#8221;4.27.4&#8243; _module_preset=&#8221;a742eb98-d540-49c8-ad0e-aa98d5c1f545&#8243; global_colors_info=&#8221;{}&#8221;]<\/p>\n<p>Estamos disponibles 24\/7 par atender sus solicitudes y requerimientos en cuanto a sus necesidades de transporte terrestre, transporte a\u00e9reo y log\u00edstica.<\/p>\n<p>[\/et_pb_text][et_pb_blurb title=&#8221;Oficinas&#8221; use_icon=&#8221;on&#8221; font_icon=&#8221;&#xf276;||fa||900&#8243; _builder_version=&#8221;4.27.4&#8243; _module_preset=&#8221;5f6af607-d876-463d-a989-bf668ae40976&#8243; global_colors_info=&#8221;{}&#8221;]<\/p>\n<p>Carrera 35A Nro. 58-13<br \/>Bogot\u00e1 D.C<\/p>\n<p>[\/et_pb_blurb][et_pb_blurb title=&#8221;Tel\u00e9fono(s)&#8221; use_icon=&#8221;on&#8221; font_icon=&#8221;&#xf10b;||fa||900&#8243; _builder_version=&#8221;4.27.4&#8243; _module_preset=&#8221;5f6af607-d876-463d-a989-bf668ae40976&#8243; global_colors_info=&#8221;{}&#8221;]<\/p>\n<p>+57 601 751 9303<\/p>\n<p>[\/et_pb_blurb][et_pb_blurb title=&#8221;Correos electr\u00f3nicos&#8221; use_icon=&#8221;on&#8221; font_icon=&#8221;&#xf658;||fa||900&#8243; _builder_version=&#8221;4.27.4&#8243; _module_preset=&#8221;5f6af607-d876-463d-a989-bf668ae40976&#8243; global_colors_info=&#8221;{}&#8221;]<\/p>\n<ul>\n<li><a href=\"mailto:lanuevamc@fenix-ic.com\">lanuevamc@fenix-ic.com<\/a><\/li>\n<li><a href=\"mailto:transportesmc@fenix-ic.com\"><\/a><a href=\"mailto:contabilidadmc@fenix-ic.com\">contabilidadmc@fenix-ic.com<\/a><\/li>\n<li><a href=\"mailto:presidencia@fenix-ic.com\">presidencia@fenix-ic.com<\/a><\/li>\n<\/ul>\n<p>[\/et_pb_blurb][\/et_pb_column][et_pb_column type=&#8221;1_2&#8243; _builder_version=&#8221;4.25.2&#8243; _module_preset=&#8221;503b0d4f-ff17-4acb-839b-515a58b1b905&#8243; global_colors_info=&#8221;{}&#8221;][et_pb_contact_form title=&#8221;Formulario de Contacto&#8221; submit_button_text=&#8221;Enviar&#8221; _builder_version=&#8221;4.27.4&#8243; _module_preset=&#8221;4bd45f34-9903-4ee2-955c-6e5117a12792&#8243; hover_enabled=&#8221;0&#8243; global_colors_info=&#8221;{%22gcid-b6c4f12c-f25d-4f61-9fb1-6e96404634cd%22:%91%22background_color%22%93,%22gcid-2ebbc52c-9ee6-4712-a077-fcaec9b98540%22:%91%22button_bg_color%22%93}&#8221; email=&#8221;nuevamctransportes@gmail.com&#8221; sticky_enabled=&#8221;0&#8243; success_message=&#8221;\u00a1Gracias por contactarnos. Le responderemos en el menor tiempo posible!&#8221;][et_pb_contact_field field_id=&#8221;Name&#8221; field_title=&#8221;Nombre&#8221; fullwidth_field=&#8221;on&#8221; _builder_version=&#8221;4.27.4&#8243; _module_preset=&#8221;default&#8221; hover_enabled=&#8221;0&#8243; global_colors_info=&#8221;{}&#8221; button_text_size__hover_enabled=&#8221;off&#8221; button_one_text_size__hover_enabled=&#8221;off&#8221; button_two_text_size__hover_enabled=&#8221;off&#8221; button_text_color__hover_enabled=&#8221;off&#8221; button_one_text_color__hover_enabled=&#8221;off&#8221; button_two_text_color__hover_enabled=&#8221;off&#8221; button_border_width__hover_enabled=&#8221;off&#8221; button_one_border_width__hover_enabled=&#8221;off&#8221; button_two_border_width__hover_enabled=&#8221;off&#8221; button_border_color__hover_enabled=&#8221;off&#8221; button_one_border_color__hover_enabled=&#8221;off&#8221; button_two_border_color__hover_enabled=&#8221;off&#8221; button_border_radius__hover_enabled=&#8221;off&#8221; button_one_border_radius__hover_enabled=&#8221;off&#8221; button_two_border_radius__hover_enabled=&#8221;off&#8221; button_letter_spacing__hover_enabled=&#8221;off&#8221; button_one_letter_spacing__hover_enabled=&#8221;off&#8221; button_two_letter_spacing__hover_enabled=&#8221;off&#8221; button_bg_color__hover_enabled=&#8221;off&#8221; button_one_bg_color__hover_enabled=&#8221;off&#8221; button_two_bg_color__hover_enabled=&#8221;off&#8221; sticky_enabled=&#8221;0&#8243;][\/et_pb_contact_field][et_pb_contact_field field_id=&#8221;Email&#8221; field_title=&#8221;Correo Electr\u00f3nico&#8221; field_type=&#8221;email&#8221; fullwidth_field=&#8221;on&#8221; _builder_version=&#8221;4.27.4&#8243; _module_preset=&#8221;default&#8221; global_colors_info=&#8221;{}&#8221; button_text_size__hover_enabled=&#8221;off&#8221; button_one_text_size__hover_enabled=&#8221;off&#8221; button_two_text_size__hover_enabled=&#8221;off&#8221; button_text_color__hover_enabled=&#8221;off&#8221; button_one_text_color__hover_enabled=&#8221;off&#8221; button_two_text_color__hover_enabled=&#8221;off&#8221; button_border_width__hover_enabled=&#8221;off&#8221; button_one_border_width__hover_enabled=&#8221;off&#8221; button_two_border_width__hover_enabled=&#8221;off&#8221; button_border_color__hover_enabled=&#8221;off&#8221; button_one_border_color__hover_enabled=&#8221;off&#8221; button_two_border_color__hover_enabled=&#8221;off&#8221; button_border_radius__hover_enabled=&#8221;off&#8221; button_one_border_radius__hover_enabled=&#8221;off&#8221; button_two_border_radius__hover_enabled=&#8221;off&#8221; button_letter_spacing__hover_enabled=&#8221;off&#8221; button_one_letter_spacing__hover_enabled=&#8221;off&#8221; button_two_letter_spacing__hover_enabled=&#8221;off&#8221; button_bg_color__hover_enabled=&#8221;off&#8221; button_one_bg_color__hover_enabled=&#8221;off&#8221; button_two_bg_color__hover_enabled=&#8221;off&#8221;][\/et_pb_contact_field][et_pb_contact_field field_id=&#8221;Message&#8221; field_title=&#8221;Mensaje&#8221; field_type=&#8221;text&#8221; fullwidth_field=&#8221;on&#8221; _builder_version=&#8221;4.27.4&#8243; _module_preset=&#8221;default&#8221; global_colors_info=&#8221;{}&#8221; button_text_size__hover_enabled=&#8221;off&#8221; button_one_text_size__hover_enabled=&#8221;off&#8221; button_two_text_size__hover_enabled=&#8221;off&#8221; button_text_color__hover_enabled=&#8221;off&#8221; button_one_text_color__hover_enabled=&#8221;off&#8221; button_two_text_color__hover_enabled=&#8221;off&#8221; button_border_width__hover_enabled=&#8221;off&#8221; button_one_border_width__hover_enabled=&#8221;off&#8221; button_two_border_width__hover_enabled=&#8221;off&#8221; button_border_color__hover_enabled=&#8221;off&#8221; button_one_border_color__hover_enabled=&#8221;off&#8221; button_two_border_color__hover_enabled=&#8221;off&#8221; button_border_radius__hover_enabled=&#8221;off&#8221; button_one_border_radius__hover_enabled=&#8221;off&#8221; button_two_border_radius__hover_enabled=&#8221;off&#8221; button_letter_spacing__hover_enabled=&#8221;off&#8221; button_one_letter_spacing__hover_enabled=&#8221;off&#8221; button_two_letter_spacing__hover_enabled=&#8221;off&#8221; button_bg_color__hover_enabled=&#8221;off&#8221; button_one_bg_color__hover_enabled=&#8221;off&#8221; button_two_bg_color__hover_enabled=&#8221;off&#8221;][\/et_pb_contact_field][\/et_pb_contact_form][\/et_pb_column][\/et_pb_row][\/et_pb_section][et_pb_section fb_built=&#8221;1&#8243; disabled_on=&#8221;on|on|on&#8221; admin_label=&#8221;Map&#8221; _builder_version=&#8221;4.27.4&#8243; _module_preset=&#8221;default&#8221; disabled=&#8221;on&#8221; global_colors_info=&#8221;{}&#8221;][et_pb_row _builder_version=&#8221;4.25.2&#8243; _module_preset=&#8221;default&#8221; max_width=&#8221;1320px&#8221; global_colors_info=&#8221;{}&#8221;][et_pb_column type=&#8221;4_4&#8243; _builder_version=&#8221;4.25.2&#8243; _module_preset=&#8221;default&#8221; global_colors_info=&#8221;{}&#8221;][et_pb_map mouse_wheel=&#8221;off&#8221; _builder_version=&#8221;4.27.4&#8243; _module_preset=&#8221;default&#8221; height=&#8221;600px&#8221; filter_saturate=&#8221;0%&#8221; global_colors_info=&#8221;{}&#8221;][\/et_pb_map][\/et_pb_column][\/et_pb_row][\/et_pb_section][et_pb_section fb_built=&#8221;1&#8243; admin_label=&#8221;Footer&#8221; _builder_version=&#8221;4.25.2&#8243; _module_preset=&#8221;default&#8221; background_color=&#8221;#000000&#8243; custom_padding=&#8221;||0px||false|false&#8221; saved_tabs=&#8221;all&#8221; locked=&#8221;off&#8221; global_colors_info=&#8221;{}&#8221;][et_pb_row column_structure=&#8221;1_2,1_4,1_4&#8243; _builder_version=&#8221;4.27.4&#8243; _module_preset=&#8221;c09607fc-ca04-4575-bc00-41f35f432f41&#8243; width=&#8221;78%&#8221; module_alignment=&#8221;center&#8221; locked=&#8221;off&#8221; global_colors_info=&#8221;{}&#8221;][et_pb_column type=&#8221;1_2&#8243; _builder_version=&#8221;4.25.2&#8243; _module_preset=&#8221;default&#8221; global_colors_info=&#8221;{}&#8221;][et_pb_heading title=&#8221;La Nueva MC Transportes S.A.S.&#8221; _builder_version=&#8221;4.27.4&#8243; _module_preset=&#8221;c7dc6119-ccf6-4706-920c-5bd96f269d23&#8243; title_text_color=&#8221;#FFFFFF&#8221; custom_margin=&#8221;||10px||false|false&#8221; global_colors_info=&#8221;{}&#8221;][\/et_pb_heading][et_pb_text _builder_version=&#8221;4.27.4&#8243; _module_preset=&#8221;f1dee2f7-a59e-4dde-bc43-709472961fa4&#8243; locked=&#8221;off&#8221; global_colors_info=&#8221;{}&#8221;]<\/p>\n<p>La Nueva M.C, Transportes S.A.S., es una empresa con amplia experiencia en el mercado, que data desde 1997, en el sector de transporte y log\u00edstica, con amplia infraestructura para el manejo integral de los procesos, los servicios y las relaciones con los clientes.\u00a0<span>Se ofrece el transporte de carga masiva, semi-masiva y distribuci\u00f3n a nivel nacional y urbano, as\u00ed como el transporte y manejo log\u00edstico de productos perecederos, comestibles y desayunos infantiles entre otros.<\/span><\/p>\n<p>[\/et_pb_text][\/et_pb_column][et_pb_column type=&#8221;1_4&#8243; _builder_version=&#8221;4.25.2&#8243; _module_preset=&#8221;default&#8221; global_colors_info=&#8221;{}&#8221;][et_pb_heading title=&#8221;Contacto&#8221; _builder_version=&#8221;4.27.4&#8243; _module_preset=&#8221;8472e909-81ab-43d2-ba31-1211157d3404&#8243; title_text_align=&#8221;center&#8221; title_text_color=&#8221;#FFFFFF&#8221; title_font_size=&#8221;20px&#8221; global_colors_info=&#8221;{}&#8221;][\/et_pb_heading][et_pb_heading title=&#8221;+57 601 751 9303&#8243; _builder_version=&#8221;4.27.4&#8243; _module_preset=&#8221;ec2df655-0a4d-4407-890e-520c4640f37a&#8221; title_text_align=&#8221;center&#8221; title_text_color=&#8221;#FFFFFF&#8221; title_font_size=&#8221;18px&#8221; custom_margin=&#8221;||0px||false|false&#8221; global_colors_info=&#8221;{}&#8221;][\/et_pb_heading][et_pb_heading title=&#8221;lanuevamc@fenix-ic.com&#8221; _builder_version=&#8221;4.27.4&#8243; _module_preset=&#8221;ec2df655-0a4d-4407-890e-520c4640f37a&#8221; title_text_align=&#8221;center&#8221; title_text_color=&#8221;#FFFFFF&#8221; title_font_size=&#8221;18px&#8221; custom_margin=&#8221;||0px||false|false&#8221; global_colors_info=&#8221;{}&#8221;][\/et_pb_heading][et_pb_heading title=&#8221;contabilidadmc@fenix-ic.com&#8221; _builder_version=&#8221;4.27.4&#8243; _module_preset=&#8221;ec2df655-0a4d-4407-890e-520c4640f37a&#8221; title_text_align=&#8221;center&#8221; title_text_color=&#8221;#FFFFFF&#8221; title_font_size=&#8221;18px&#8221; custom_margin=&#8221;||0px||false|false&#8221; global_colors_info=&#8221;{}&#8221;][\/et_pb_heading][et_pb_heading title=&#8221;presidencia@fenix-ic.com&#8221; _builder_version=&#8221;4.27.4&#8243; _module_preset=&#8221;ec2df655-0a4d-4407-890e-520c4640f37a&#8221; title_text_align=&#8221;center&#8221; title_text_color=&#8221;#FFFFFF&#8221; title_font_size=&#8221;18px&#8221; custom_margin=&#8221;||0px||false|false&#8221; global_colors_info=&#8221;{}&#8221;][\/et_pb_heading][\/et_pb_column][et_pb_column type=&#8221;1_4&#8243; _builder_version=&#8221;4.27.4&#8243; _module_preset=&#8221;default&#8221; global_colors_info=&#8221;{}&#8221;][et_pb_heading title=&#8221;Oficinas&#8221; _builder_version=&#8221;4.27.4&#8243; _module_preset=&#8221;8472e909-81ab-43d2-ba31-1211157d3404&#8243; title_text_align=&#8221;right&#8221; title_text_color=&#8221;#FFFFFF&#8221; title_font_size=&#8221;20px&#8221; global_colors_info=&#8221;{}&#8221;][\/et_pb_heading][et_pb_text _builder_version=&#8221;4.27.4&#8243; _module_preset=&#8221;272b9043-9703-4da6-bfc3-312de145fd01&#8243; text_text_color=&#8221;#FFFFFF&#8221; text_font_size=&#8221;16px&#8221; text_line_height=&#8221;100%&#8221; text_orientation=&#8221;right&#8221; global_colors_info=&#8221;{}&#8221;]<\/p>\n<p>Carrera 35A Nro. 58-13<\/p>\n<p>Bogot\u00e1 D.C<\/p>\n<p>[\/et_pb_text][et_pb_heading title=&#8221;NIT: 900.333.586-8&#8243; _builder_version=&#8221;4.27.4&#8243; _module_preset=&#8221;ec2df655-0a4d-4407-890e-520c4640f37a&#8221; title_text_align=&#8221;right&#8221; title_text_color=&#8221;#FFFFFF&#8221; title_font_size=&#8221;18px&#8221; locked=&#8221;off&#8221; global_colors_info=&#8221;{}&#8221;][\/et_pb_heading][\/et_pb_column][\/et_pb_row][et_pb_row _builder_version=&#8221;4.27.4&#8243; _module_preset=&#8221;c09607fc-ca04-4575-bc00-41f35f432f41&#8243; global_colors_info=&#8221;{}&#8221;][et_pb_column type=&#8221;4_4&#8243; _builder_version=&#8221;4.27.4&#8243; _module_preset=&#8221;default&#8221; background_enable_image=&#8221;off&#8221; global_colors_info=&#8221;{}&#8221;][et_pb_image src=&#8221;https:\/\/fenix-ic.com\/sitio\/wp-content\/uploads\/2024\/12\/night-recorte-2.jpg&#8221; title_text=&#8221;night-recorte-2&#8243; align=&#8221;center&#8221; _builder_version=&#8221;4.27.4&#8243; _module_preset=&#8221;default&#8221; module_alignment=&#8221;center&#8221; global_colors_info=&#8221;{}&#8221;][\/et_pb_image][\/et_pb_column][\/et_pb_row][et_pb_row _builder_version=&#8221;4.25.2&#8243; _module_preset=&#8221;default&#8221; global_colors_info=&#8221;{}&#8221;][et_pb_column type=&#8221;4_4&#8243; _builder_version=&#8221;4.25.2&#8243; _module_preset=&#8221;default&#8221; global_colors_info=&#8221;{}&#8221;][et_pb_text _builder_version=&#8221;4.27.4&#8243; _module_preset=&#8221;c4df3a74-14b1-49dc-9f21-1e3d6231ad88&#8243; text_orientation=&#8221;center&#8221; global_colors_info=&#8221;{}&#8221;]<\/p>\n<p>Todos los Derechos \u00a9 2024 La Nueva MC Transportes S.A.S. \u00ae<\/p>\n<p>[\/et_pb_text][\/et_pb_column][\/et_pb_row][\/et_pb_section]<\/p>\n","protected":false},"excerpt":{"rendered":"<p>Estamos disponibles 24\/7 par atender sus solicitudes y requerimientos en cuanto a sus necesidades de transporte terrestre, transporte a\u00e9reo y log\u00edstica.Carrera 35A Nro. 58-13Bogot\u00e1 D.C+57 601 751 9303 lanuevamc@fenix-ic.com contabilidadmc@fenix-ic.com presidencia@fenix-ic.com La Nueva M.C, Transportes S.A.S., es una empresa con amplia experiencia en el mercado, que data desde 1997, en el sector de transporte y [&hellip;]<\/p>\n","protected":false},"author":1,"featured_media":0,"parent":0,"menu_order":0,"comment_status":"closed","ping_status":"closed","template":"","meta":{"_et_pb_use_builder":"on","_et_pb_old_content":"","_et_gb_content_width":"","footnotes":""},"class_list":["post-46","page","type-page","status-publish","hentry"],"_links":{"self":[{"href":"https:\/\/fenix-ic.com\/sitio\/wp-json\/wp\/v2\/pages\/46","targetHints":{"allow":["GET"]}}],"collection":[{"href":"https:\/\/fenix-ic.com\/sitio\/wp-json\/wp\/v2\/pages"}],"about":[{"href":"https:\/\/fenix-ic.com\/sitio\/wp-json\/wp\/v2\/types\/page"}],"author":[{"embeddable":true,"href":"https:\/\/fenix-ic.com\/sitio\/wp-json\/wp\/v2\/users\/1"}],"replies":[{"embeddable":true,"href":"https:\/\/fenix-ic.com\/sitio\/wp-json\/wp\/v2\/comments?post=46"}],"version-history":[{"count":16,"href":"https:\/\/fenix-ic.com\/sitio\/wp-json\/wp\/v2\/pages\/46\/revisions"}],"predecessor-version":[{"id":499,"href":"https:\/\/fenix-ic.com\/sitio\/wp-json\/wp\/v2\/pages\/46\/revisions\/499"}],"wp:attachment":[{"href":"https:\/\/fenix-ic.com\/sitio\/wp-json\/wp\/v2\/media?parent=46"}],"curies":[{"name":"wp","href":"https:\/\/api.w.org\/{rel}","templated":true}]}}